{"id":672,"date":"2022-06-19T09:17:41","date_gmt":"2022-06-19T09:17:41","guid":{"rendered":"https:\/\/michalprzystas.pl\/?page_id=672"},"modified":"2022-06-20T16:03:57","modified_gmt":"2022-06-20T16:03:57","slug":"dziecioly","status":"publish","type":"page","link":"https:\/\/michalprzystas.pl\/index.php\/strona-glowna\/galeria-ptaki\/dziecioly\/","title":{"rendered":"Dzi\u0119cio\u0142y"},"content":{"rendered":"\n<div class=\"wp-block-columns is-layout-flex wp-container-core-columns-is-layout-9d6595d7 wp-block-columns-is-layout-flex\">\n<div class=\"wp-block-column is-layout-flow wp-block-column-is-layout-flow\">\n<figure class=\"wp-block-image size-large\"><a href=\"https:\/\/michalprzystas.pl\/index.php\/strona-glowna\/galeria-ptaki\/dziecioly\/dzieciol-duzy\/\"><img loading=\"lazy\" decoding=\"async\" width=\"1024\" height=\"683\" src=\"http:\/\/michalprzystas.pl\/wp-content\/uploads\/2022\/06\/IMG_1782-1024x683.jpg\" alt=\"\" class=\"wp-image-677\" srcset=\"https:\/\/michalprzystas.pl\/wp-content\/uploads\/2022\/06\/IMG_1782-1024x683.jpg 1024w, https:\/\/michalprzystas.pl\/wp-content\/uploads\/2022\/06\/IMG_1782-300x200.jpg 300w, https:\/\/michalprzystas.pl\/wp-content\/uploads\/2022\/06\/IMG_1782-768x512.jpg 768w, https:\/\/michalprzystas.pl\/wp-content\/uploads\/2022\/06\/IMG_1782-1536x1024.jpg 1536w, https:\/\/michalprzystas.pl\/wp-content\/uploads\/2022\/06\/IMG_1782-1200x800.jpg 1200w, https:\/\/michalprzystas.pl\/wp-content\/uploads\/2022\/06\/IMG_1782-872x581.jpg 872w, https:\/\/michalprzystas.pl\/wp-content\/uploads\/2022\/06\/IMG_1782.jpg 1800w\" sizes=\"auto, (max-width: 1024px) 100vw, 1024px\" \/><\/a><figcaption>Dzi\u0119cio\u0142 du\u017cy | Great spotted woodpecker | Dendrocopos major<\/figcaption><\/figure>\n<\/div>\n\n\n\n<div class=\"wp-block-column is-layout-flow wp-block-column-is-layout-flow\">\n<figure class=\"wp-block-image size-large\"><a href=\"https:\/\/michalprzystas.pl\/index.php\/strona-glowna\/galeria-ptaki\/dziecioly\/dzieciol-sredni\/\"><img loading=\"lazy\" decoding=\"async\" width=\"1024\" height=\"683\" src=\"http:\/\/michalprzystas.pl\/wp-content\/uploads\/2022\/06\/IMG_3530-1024x683.jpg\" alt=\"\" class=\"wp-image-684\" srcset=\"https:\/\/michalprzystas.pl\/wp-content\/uploads\/2022\/06\/IMG_3530-1024x683.jpg 1024w, https:\/\/michalprzystas.pl\/wp-content\/uploads\/2022\/06\/IMG_3530-300x200.jpg 300w, https:\/\/michalprzystas.pl\/wp-content\/uploads\/2022\/06\/IMG_3530-768x512.jpg 768w, https:\/\/michalprzystas.pl\/wp-content\/uploads\/2022\/06\/IMG_3530-1536x1024.jpg 1536w, https:\/\/michalprzystas.pl\/wp-content\/uploads\/2022\/06\/IMG_3530-1200x800.jpg 1200w, https:\/\/michalprzystas.pl\/wp-content\/uploads\/2022\/06\/IMG_3530-872x581.jpg 872w, https:\/\/michalprzystas.pl\/wp-content\/uploads\/2022\/06\/IMG_3530.jpg 1800w\" sizes=\"auto, (max-width: 1024px) 100vw, 1024px\" \/><\/a><figcaption>Dzi\u0119cio\u0142 \u015bredni | Middle spotted woodpecker | Dendrocoptes medius<\/figcaption><\/figure>\n<\/div>\n\n\n\n<div class=\"wp-block-column is-layout-flow wp-block-column-is-layout-flow\">\n<figure class=\"wp-block-image size-large\"><a href=\"https:\/\/michalprzystas.pl\/index.php\/strona-glowna\/galeria-ptaki\/dziecioly\/dzieciolek\/\"><img loading=\"lazy\" decoding=\"async\" width=\"1024\" height=\"683\" src=\"http:\/\/michalprzystas.pl\/wp-content\/uploads\/2022\/06\/IMG_4847-1024x683.jpg\" alt=\"\" class=\"wp-image-698\" srcset=\"https:\/\/michalprzystas.pl\/wp-content\/uploads\/2022\/06\/IMG_4847-1024x683.jpg 1024w, https:\/\/michalprzystas.pl\/wp-content\/uploads\/2022\/06\/IMG_4847-300x200.jpg 300w, https:\/\/michalprzystas.pl\/wp-content\/uploads\/2022\/06\/IMG_4847-768x512.jpg 768w, https:\/\/michalprzystas.pl\/wp-content\/uploads\/2022\/06\/IMG_4847-1536x1024.jpg 1536w, https:\/\/michalprzystas.pl\/wp-content\/uploads\/2022\/06\/IMG_4847-1200x800.jpg 1200w, https:\/\/michalprzystas.pl\/wp-content\/uploads\/2022\/06\/IMG_4847-872x581.jpg 872w, https:\/\/michalprzystas.pl\/wp-content\/uploads\/2022\/06\/IMG_4847.jpg 1800w\" sizes=\"auto, (max-width: 1024px) 100vw, 1024px\" \/><\/a><figcaption>Dzi\u0119cio\u0142ek | Lesser spotted woodpecker | Dryobates minor<\/figcaption><\/figure>\n<\/div>\n<\/div>\n\n\n\n<div class=\"wp-block-columns is-layout-flex wp-container-core-columns-is-layout-9d6595d7 wp-block-columns-is-layout-flex\">\n<div class=\"wp-block-column is-layout-flow wp-block-column-is-layout-flow\">\n<figure class=\"wp-block-image size-large\"><a href=\"https:\/\/michalprzystas.pl\/index.php\/strona-glowna\/galeria-ptaki\/dziecioly\/kretoglow\/\"><img loading=\"lazy\" decoding=\"async\" width=\"1024\" height=\"683\" src=\"http:\/\/michalprzystas.pl\/wp-content\/uploads\/2022\/06\/IMG_8524-1024x683.jpg\" alt=\"\" class=\"wp-image-669\" srcset=\"https:\/\/michalprzystas.pl\/wp-content\/uploads\/2022\/06\/IMG_8524-1024x683.jpg 1024w, https:\/\/michalprzystas.pl\/wp-content\/uploads\/2022\/06\/IMG_8524-300x200.jpg 300w, https:\/\/michalprzystas.pl\/wp-content\/uploads\/2022\/06\/IMG_8524-768x512.jpg 768w, https:\/\/michalprzystas.pl\/wp-content\/uploads\/2022\/06\/IMG_8524-1536x1024.jpg 1536w, https:\/\/michalprzystas.pl\/wp-content\/uploads\/2022\/06\/IMG_8524-1200x800.jpg 1200w, https:\/\/michalprzystas.pl\/wp-content\/uploads\/2022\/06\/IMG_8524-872x581.jpg 872w, https:\/\/michalprzystas.pl\/wp-content\/uploads\/2022\/06\/IMG_8524.jpg 1800w\" sizes=\"auto, (max-width: 1024px) 100vw, 1024px\" \/><\/a><figcaption>Kr\u0119tog\u0142\u00f3w | Eurasian wryneck | Jynx torquilla<\/figcaption><\/figure>\n<\/div>\n\n\n\n<div class=\"wp-block-column is-layout-flow wp-block-column-is-layout-flow\"><\/div>\n\n\n\n<div class=\"wp-block-column is-layout-flow wp-block-column-is-layout-flow\"><\/div>\n<\/div>\n","protected":false},"excerpt":{"rendered":"","protected":false},"author":1,"featured_media":0,"parent":138,"menu_order":0,"comment_status":"closed","ping_status":"closed","template":"template-full-width-page.php","meta":{"footnotes":""},"class_list":["post-672","page","type-page","status-publish","hentry"],"_links":{"self":[{"href":"https:\/\/michalprzystas.pl\/index.php\/wp-json\/wp\/v2\/pages\/672","targetHints":{"allow":["GET"]}}],"collection":[{"href":"https:\/\/michalprzystas.pl\/index.php\/wp-json\/wp\/v2\/pages"}],"about":[{"href":"https:\/\/michalprzystas.pl\/index.php\/wp-json\/wp\/v2\/types\/page"}],"author":[{"embeddable":true,"href":"https:\/\/michalprzystas.pl\/index.php\/wp-json\/wp\/v2\/users\/1"}],"replies":[{"embeddable":true,"href":"https:\/\/michalprzystas.pl\/index.php\/wp-json\/wp\/v2\/comments?post=672"}],"version-history":[{"count":4,"href":"https:\/\/michalprzystas.pl\/index.php\/wp-json\/wp\/v2\/pages\/672\/revisions"}],"predecessor-version":[{"id":1255,"href":"https:\/\/michalprzystas.pl\/index.php\/wp-json\/wp\/v2\/pages\/672\/revisions\/1255"}],"up":[{"embeddable":true,"href":"https:\/\/michalprzystas.pl\/index.php\/wp-json\/wp\/v2\/pages\/138"}],"wp:attachment":[{"href":"https:\/\/michalprzystas.pl\/index.php\/wp-json\/wp\/v2\/media?parent=672"}],"curies":[{"name":"wp","href":"https:\/\/api.w.org\/{rel}","templated":true}]}}