{"id":517,"date":"2022-06-19T08:20:02","date_gmt":"2022-06-19T08:20:02","guid":{"rendered":"https:\/\/michalprzystas.pl\/?page_id=517"},"modified":"2022-06-20T20:25:07","modified_gmt":"2022-06-20T20:25:07","slug":"kukulki-dudki-zolny-zimorodki","status":"publish","type":"page","link":"https:\/\/michalprzystas.pl\/index.php\/strona-glowna\/galeria-ptaki\/kukulki-dudki-zolny-zimorodki\/","title":{"rendered":"Kuku\u0142ki, Dudki, \u017bo\u0142ny, Zimorodki"},"content":{"rendered":"\n<div class=\"wp-block-columns is-layout-flex wp-container-core-columns-is-layout-9d6595d7 wp-block-columns-is-layout-flex\">\n<div class=\"wp-block-column is-layout-flow wp-block-column-is-layout-flow\">\n<figure class=\"wp-block-image size-large\"><a href=\"https:\/\/michalprzystas.pl\/index.php\/strona-glowna\/galeria-ptaki\/kukulki-dudki-zolny-zimorodki\/dudek\/\"><img loading=\"lazy\" decoding=\"async\" width=\"1024\" height=\"683\" src=\"http:\/\/michalprzystas.pl\/wp-content\/uploads\/2022\/06\/IMG_7182-1024x683.jpg\" alt=\"\" class=\"wp-image-529\" srcset=\"https:\/\/michalprzystas.pl\/wp-content\/uploads\/2022\/06\/IMG_7182-1024x683.jpg 1024w, https:\/\/michalprzystas.pl\/wp-content\/uploads\/2022\/06\/IMG_7182-300x200.jpg 300w, https:\/\/michalprzystas.pl\/wp-content\/uploads\/2022\/06\/IMG_7182-768x512.jpg 768w, https:\/\/michalprzystas.pl\/wp-content\/uploads\/2022\/06\/IMG_7182-1536x1024.jpg 1536w, https:\/\/michalprzystas.pl\/wp-content\/uploads\/2022\/06\/IMG_7182-1200x800.jpg 1200w, https:\/\/michalprzystas.pl\/wp-content\/uploads\/2022\/06\/IMG_7182-872x581.jpg 872w, https:\/\/michalprzystas.pl\/wp-content\/uploads\/2022\/06\/IMG_7182.jpg 1800w\" sizes=\"auto, (max-width: 1024px) 100vw, 1024px\" \/><\/a><figcaption>Dudek zwyczajny | Eurasian hoopoe | Upupa epops<\/figcaption><\/figure>\n<\/div>\n\n\n\n<div class=\"wp-block-column is-layout-flow wp-block-column-is-layout-flow\">\n<figure class=\"wp-block-image size-large\"><a href=\"https:\/\/michalprzystas.pl\/index.php\/strona-glowna\/galeria-ptaki\/kukulki-dudki-zolny-zimorodki\/kukulka\/\"><img loading=\"lazy\" decoding=\"async\" width=\"1024\" height=\"683\" src=\"http:\/\/michalprzystas.pl\/wp-content\/uploads\/2022\/06\/IMG_8833-1024x683.jpg\" alt=\"\" class=\"wp-image-520\" srcset=\"https:\/\/michalprzystas.pl\/wp-content\/uploads\/2022\/06\/IMG_8833-1024x683.jpg 1024w, https:\/\/michalprzystas.pl\/wp-content\/uploads\/2022\/06\/IMG_8833-300x200.jpg 300w, https:\/\/michalprzystas.pl\/wp-content\/uploads\/2022\/06\/IMG_8833-768x512.jpg 768w, https:\/\/michalprzystas.pl\/wp-content\/uploads\/2022\/06\/IMG_8833-1536x1024.jpg 1536w, https:\/\/michalprzystas.pl\/wp-content\/uploads\/2022\/06\/IMG_8833-1200x800.jpg 1200w, https:\/\/michalprzystas.pl\/wp-content\/uploads\/2022\/06\/IMG_8833-872x581.jpg 872w, https:\/\/michalprzystas.pl\/wp-content\/uploads\/2022\/06\/IMG_8833.jpg 1800w\" sizes=\"auto, (max-width: 1024px) 100vw, 1024px\" \/><\/a><figcaption>Kuku\u0142ka zwyczajna | Common cuckoo | Cuculus canorus<\/figcaption><\/figure>\n<\/div>\n\n\n\n<div class=\"wp-block-column is-layout-flow wp-block-column-is-layout-flow\">\n<figure class=\"wp-block-image size-large\"><a href=\"https:\/\/michalprzystas.pl\/index.php\/strona-glowna\/galeria-ptaki\/kukulki-dudki-zolny-zimorodki\/wilga\/\"><img loading=\"lazy\" decoding=\"async\" width=\"1024\" height=\"683\" src=\"http:\/\/michalprzystas.pl\/wp-content\/uploads\/2022\/06\/IMG_0891-1024x683.jpg\" alt=\"\" class=\"wp-image-949\" srcset=\"https:\/\/michalprzystas.pl\/wp-content\/uploads\/2022\/06\/IMG_0891-1024x683.jpg 1024w, https:\/\/michalprzystas.pl\/wp-content\/uploads\/2022\/06\/IMG_0891-300x200.jpg 300w, https:\/\/michalprzystas.pl\/wp-content\/uploads\/2022\/06\/IMG_0891-768x512.jpg 768w, https:\/\/michalprzystas.pl\/wp-content\/uploads\/2022\/06\/IMG_0891-1536x1024.jpg 1536w, https:\/\/michalprzystas.pl\/wp-content\/uploads\/2022\/06\/IMG_0891-1200x800.jpg 1200w, https:\/\/michalprzystas.pl\/wp-content\/uploads\/2022\/06\/IMG_0891-872x581.jpg 872w, https:\/\/michalprzystas.pl\/wp-content\/uploads\/2022\/06\/IMG_0891.jpg 1800w\" sizes=\"auto, (max-width: 1024px) 100vw, 1024px\" \/><\/a><figcaption>Wilga zwyczajna | Eurasian golden oriole | Oriolus oriolus<\/figcaption><\/figure>\n<\/div>\n<\/div>\n\n\n\n<div class=\"wp-block-columns is-layout-flex wp-container-core-columns-is-layout-9d6595d7 wp-block-columns-is-layout-flex\">\n<div class=\"wp-block-column is-layout-flow wp-block-column-is-layout-flow\">\n<figure class=\"wp-block-image size-large\"><a href=\"https:\/\/michalprzystas.pl\/index.php\/strona-glowna\/galeria-ptaki\/kukulki-dudki-zolny-zimorodki\/zimorodek\/\"><img loading=\"lazy\" decoding=\"async\" width=\"1024\" height=\"717\" src=\"http:\/\/michalprzystas.pl\/wp-content\/uploads\/2022\/06\/IMG_2773-kopia-1024x717.jpg\" alt=\"\" class=\"wp-image-555\" srcset=\"https:\/\/michalprzystas.pl\/wp-content\/uploads\/2022\/06\/IMG_2773-kopia-1024x717.jpg 1024w, https:\/\/michalprzystas.pl\/wp-content\/uploads\/2022\/06\/IMG_2773-kopia-300x210.jpg 300w, https:\/\/michalprzystas.pl\/wp-content\/uploads\/2022\/06\/IMG_2773-kopia-768x538.jpg 768w, https:\/\/michalprzystas.pl\/wp-content\/uploads\/2022\/06\/IMG_2773-kopia-1536x1075.jpg 1536w, https:\/\/michalprzystas.pl\/wp-content\/uploads\/2022\/06\/IMG_2773-kopia-1200x840.jpg 1200w, https:\/\/michalprzystas.pl\/wp-content\/uploads\/2022\/06\/IMG_2773-kopia-872x610.jpg 872w, https:\/\/michalprzystas.pl\/wp-content\/uploads\/2022\/06\/IMG_2773-kopia.jpg 1800w\" sizes=\"auto, (max-width: 1024px) 100vw, 1024px\" \/><\/a><figcaption>Zimorodek zwyczajny | Common kingfisher | Alcedo atthis<\/figcaption><\/figure>\n<\/div>\n\n\n\n<div class=\"wp-block-column is-layout-flow wp-block-column-is-layout-flow\">\n<figure class=\"wp-block-image size-large\"><a href=\"https:\/\/michalprzystas.pl\/index.php\/strona-glowna\/galeria-ptaki\/kukulki-dudki-zolny-zimorodki\/zolna\/\"><img loading=\"lazy\" decoding=\"async\" width=\"1024\" height=\"683\" src=\"http:\/\/michalprzystas.pl\/wp-content\/uploads\/2022\/06\/IMG_9692-1024x683.jpg\" alt=\"\" class=\"wp-image-567\" srcset=\"https:\/\/michalprzystas.pl\/wp-content\/uploads\/2022\/06\/IMG_9692-1024x683.jpg 1024w, https:\/\/michalprzystas.pl\/wp-content\/uploads\/2022\/06\/IMG_9692-300x200.jpg 300w, https:\/\/michalprzystas.pl\/wp-content\/uploads\/2022\/06\/IMG_9692-768x512.jpg 768w, https:\/\/michalprzystas.pl\/wp-content\/uploads\/2022\/06\/IMG_9692-1536x1024.jpg 1536w, https:\/\/michalprzystas.pl\/wp-content\/uploads\/2022\/06\/IMG_9692-1200x800.jpg 1200w, https:\/\/michalprzystas.pl\/wp-content\/uploads\/2022\/06\/IMG_9692-872x581.jpg 872w, https:\/\/michalprzystas.pl\/wp-content\/uploads\/2022\/06\/IMG_9692.jpg 1800w\" sizes=\"auto, (max-width: 1024px) 100vw, 1024px\" \/><\/a><figcaption>\u017bo\u0142na zwyczajna | European bee-eater | Merops apiaster<\/figcaption><\/figure>\n<\/div>\n\n\n\n<div class=\"wp-block-column is-layout-flow wp-block-column-is-layout-flow\"><\/div>\n<\/div>\n","protected":false},"excerpt":{"rendered":"","protected":false},"author":1,"featured_media":0,"parent":138,"menu_order":0,"comment_status":"closed","ping_status":"closed","template":"template-full-width-page.php","meta":{"footnotes":""},"class_list":["post-517","page","type-page","status-publish","hentry"],"_links":{"self":[{"href":"https:\/\/michalprzystas.pl\/index.php\/wp-json\/wp\/v2\/pages\/517","targetHints":{"allow":["GET"]}}],"collection":[{"href":"https:\/\/michalprzystas.pl\/index.php\/wp-json\/wp\/v2\/pages"}],"about":[{"href":"https:\/\/michalprzystas.pl\/index.php\/wp-json\/wp\/v2\/types\/page"}],"author":[{"embeddable":true,"href":"https:\/\/michalprzystas.pl\/index.php\/wp-json\/wp\/v2\/users\/1"}],"replies":[{"embeddable":true,"href":"https:\/\/michalprzystas.pl\/index.php\/wp-json\/wp\/v2\/comments?post=517"}],"version-history":[{"count":3,"href":"https:\/\/michalprzystas.pl\/index.php\/wp-json\/wp\/v2\/pages\/517\/revisions"}],"predecessor-version":[{"id":1280,"href":"https:\/\/michalprzystas.pl\/index.php\/wp-json\/wp\/v2\/pages\/517\/revisions\/1280"}],"up":[{"embeddable":true,"href":"https:\/\/michalprzystas.pl\/index.php\/wp-json\/wp\/v2\/pages\/138"}],"wp:attachment":[{"href":"https:\/\/michalprzystas.pl\/index.php\/wp-json\/wp\/v2\/media?parent=517"}],"curies":[{"name":"wp","href":"https:\/\/api.w.org\/{rel}","templated":true}]}}